{"id":44,"date":"2026-03-15T08:37:03","date_gmt":"2026-03-15T07:37:03","guid":{"rendered":"https:\/\/axewebtech.com\/silt-livraison\/home\/"},"modified":"2026-03-17T07:40:33","modified_gmt":"2026-03-17T06:40:33","slug":"home","status":"publish","type":"page","link":"https:\/\/silt-benin.com\/livraison\/","title":{"rendered":"Livraison"},"content":{"rendered":"\n<div class=\"section-wrapper\" data-id=\"IjEQqT\"><section class=\"wp-block-gutenverse-section guten-element guten-section guten-IjEQqT layout-boxed align-stretch\"><div class=\"guten-container guten-column-gap-no\">\n<div class=\"wp-block-gutenverse-column guten-element guten-column guten-HjRtZt\"><div class=\"guten-column-wrapper\" data-id=\"HjRtZt\">\n<div class=\"guten-element guten-wrap-helper no-margin guten-l0Nyil flex\"><div class=\"guten-video-background\" data-property=\"{&quot;url&quot;:&quot;https:\/\/www.youtube.com\/watch?v=AISpPusygJs&amp;pp=ygUKc2lsdCBiZW5pbg%3D%3D&quot;,&quot;class&quot;:&quot;guten-video-bg-wrapper&quot;,&quot;width&quot;:&quot;100%&quot;,&quot;height&quot;:&quot;100%&quot;,&quot;playing&quot;:true,&quot;muted&quot;:true,&quot;loop&quot;:true,&quot;playsinline&quot;:true,&quot;style&quot;:{&quot;zIndex&quot;:0,&quot;top&quot;:0,&quot;left&quot;:0,&quot;position&quot;:&quot;absolute&quot;,&quot;overflow&quot;:&quot;hidden&quot;,&quot;pointerEvents&quot;:&quot;none&quot;},&quot;config&quot;:{&quot;youtube&quot;:{&quot;playerVars&quot;:{&quot;showinfo&quot;:0,&quot;start&quot;:26,&quot;end&quot;:60}}}}\"><\/div><div class=\"guten-background-overlay\"><\/div><div class=\"guten-inner-wrap\" data-id=\"l0Nyil\">\n<div class=\"section-wrapper\" data-id=\"NoPLSQ\"><section class=\"wp-block-gutenverse-section guten-element guten-section guten-NoPLSQ layout-fullwidth align-stretch\"><div class=\"guten-container guten-column-gap-no\">\n<div class=\"wp-block-gutenverse-column guten-element guten-column guten-QNyPmv\"><div class=\"guten-column-wrapper\" data-id=\"QNyPmv\">\n<h4 class=\"wp-block-gutenverse-heading guten-element guten-g1B2yB\">Suivre vos colis<\/h4>\n\n\n\n<div class=\"guten-element gutenverse-text-editor guten-j6UQdF\"><div class=\"text-content-inner\">\n<p>Nous avons le plaisir de vous informer que votre commande a \u00e9t\u00e9 exp\u00e9di\u00e9e. Vous pouvez suivre l&rsquo;acheminement de votre colis en temps r\u00e9el en cliquant sur le lien ci-dessous ou en saisissant votre num\u00e9ro de suivi ici. <\/p>\n<\/div><\/div>\n\n\n\n<div class=\"guten-element guten-wrap-helper no-margin guten-dhARMe flex\"><div class=\"guten-inner-wrap\" data-id=\"dhARMe\"><\/div><\/div>\n<\/div><\/div>\n\n\n\n<div class=\"wp-block-gutenverse-column guten-element guten-column guten-w35geG\"><div class=\"guten-column-wrapper\" data-id=\"w35geG\">\n<div class=\"guten-element guten-wrap-helper no-margin guten-Ezattq flex\"><div class=\"guten-inner-wrap\" data-id=\"Ezattq\">\n<form style=\"display:none\" class=\"guten-element guten-form-builder guten-DYJSay\" data-form-id=\"190\">\n<h4 class=\"wp-block-gutenverse-heading guten-element guten-NiOXLp\">Suivez votre envoi<\/h4>\n\n\n\n<div class=\"guten-element guten-wrap-helper no-margin guten-iO9gu0 flex\"><div class=\"guten-inner-wrap\" data-id=\"iO9gu0\">\n<div class=\"guten-element guten-form-input-text guten-form-input guten-input-position-top guten-ssdkud hide-label hide-helper\"><div class=\"label-wrapper\"><\/div><div class=\"main-wrapper\"><input data-validation=\"{&quot;type&quot;:&quot;text&quot;,&quot;required&quot;:false,&quot;validationType&quot;:&quot;none&quot;,&quot;validationWarning&quot;:&quot;Input Invalid&quot;}\" placeholder=\"Entrez votre identifiant de suivi...\" name=\"input-text-name\" class=\"gutenverse-input gutenverse-input-text\" type=\"text\"\/><div class=\"validation-error\">Input Invalid<\/div><\/div><\/div>\n\n\n\n<div class=\"guten-element guten-button-wrapper guten-submit-wrapper guten-zkFcj8\"><div class=\"form-notification\"><\/div><button class=\"guten-button gutenverse-input-submit guten-button-sm\" type=\"submit\"><span><\/span><i class=\"gtn gtn-arrow-up-right-line\"><\/i><\/button><div class=\"gutenverse-input-submit-loader\"><svg xmlns=\"http:\/\/www.w3.org\/2000\/svg\" viewBox=\"0 0 640 640\"><path d=\"M272 112C272 85.5 293.5 64 320 64C346.5 64 368 85.5 368 112C368 138.5 346.5 160 320 160C293.5 160 272 138.5 272 112zM272 528C272 501.5 293.5 480 320 480C346.5 480 368 501.5 368 528C368 554.5 346.5 576 320 576C293.5 576 272 554.5 272 528zM112 272C138.5 272 160 293.5 160 320C160 346.5 138.5 368 112 368C85.5 368 64 346.5 64 320C64 293.5 85.5 272 112 272zM480 320C480 293.5 501.5 272 528 272C554.5 272 576 293.5 576 320C576 346.5 554.5 368 528 368C501.5 368 480 346.5 480 320zM139 433.1C157.8 414.3 188.1 414.3 206.9 433.1C225.7 451.9 225.7 482.2 206.9 501C188.1 519.8 157.8 519.8 139 501C120.2 482.2 120.2 451.9 139 433.1zM139 139C157.8 120.2 188.1 120.2 206.9 139C225.7 157.8 225.7 188.1 206.9 206.9C188.1 225.7 157.8 225.7 139 206.9C120.2 188.1 120.2 157.8 139 139zM501 433.1C519.8 451.9 519.8 482.2 501 501C482.2 519.8 451.9 519.8 433.1 501C414.3 482.2 414.3 451.9 433.1 433.1C451.9 414.3 482.2 414.3 501 433.1z\"><\/path><\/svg><\/div><\/div>\n<\/div><\/div>\n<\/form>\n<\/div><\/div>\n<\/div><\/div>\n<\/div><\/section><\/div>\n<\/div><\/div>\n<\/div><\/div>\n<\/div><\/section><\/div>\n\n\n\n\n\n    <div class=\"xs_social_share_widget xs_share_url after_content \t\tmain_content  wslu-style-1 wslu-share-box-shaped wslu-fill-colored wslu-none wslu-share-horizontal wslu-theme-font-no wslu-main_content\">\n\n\t\t\n        <ul>\n\t\t\t        <\/ul>\n    <\/div> \n","protected":false},"excerpt":{"rendered":"","protected":false},"author":1,"featured_media":0,"parent":0,"menu_order":0,"comment_status":"closed","ping_status":"closed","template":"full-width","meta":{"postBodyCss":"","postBodyMargin":[],"postBodyPadding":[],"postBodyBackground":{"backgroundType":"classic","gradient":""},"enableOnePageScrollInPage":false,"onePageScrollCss":"","onePageScrollSpeed":1000,"onePageScrollAnimation":"easeInOutQuad","onePageScrollShowDotNavigation":true,"onePageScrollNavigation":"scaleUp","onePageScrollNavigationPosition":"right","onePageScrollNavigationHorizontal":[],"onePageScrollNavigationVertical":[],"onePageScrollNavigationSpacing":[],"onePageScrollNavigationColor":"#00ff0d","onePageScrollNavigationColorHover":"#00ff0d","onePageScrollNavigationColorActive":"#00ff0d","onePageScrollNavigationIcon":[],"onePageScrollNavigationWidth":[],"onePageScrollNavigationWidthHover":[],"onePageScrollNavigationWidthActive":[],"onePageScrollNavigationHeight":[],"onePageScrollNavigationHeightHover":[],"onePageScrollNavigationHeightActive":[],"onePageScrollNavigationBorder":[],"onePageScrollNavigationBorderHover":[],"onePageScrollNavigationBorderActive":[],"onePageScrollNavigationBorderRadius":[],"onePageScrollNavigationBorderRadiusHover":[],"onePageScrollNavigationBorderRadiusActive":[],"onePageScrollNavigationTooltipTypography":[],"onePageScrollNavigationTooltipColor":"#ffffff","onePageScrollNavigationTooltipColorHover":"","onePageScrollNavigationTooltipBgColor":"#00ff0d","onePageScrollNavigationTooltipBgColorHover":"","onePageScrollNavigationTooltipPadding":[],"onePageScrollNavigationTooltipPaddingHover":[],"onePageScrollNavigationTooltipBorderRadius":[],"onePageScrollNavigationTooltipBorderRadiusHover":[],"pageSettingsCustomCss":"","footnotes":""},"class_list":["post-44","page","type-page","status-publish","hentry"],"_links":{"self":[{"href":"https:\/\/silt-benin.com\/livraison\/wp-json\/wp\/v2\/pages\/44","targetHints":{"allow":["GET"]}}],"collection":[{"href":"https:\/\/silt-benin.com\/livraison\/wp-json\/wp\/v2\/pages"}],"about":[{"href":"https:\/\/silt-benin.com\/livraison\/wp-json\/wp\/v2\/types\/page"}],"author":[{"embeddable":true,"href":"https:\/\/silt-benin.com\/livraison\/wp-json\/wp\/v2\/users\/1"}],"replies":[{"embeddable":true,"href":"https:\/\/silt-benin.com\/livraison\/wp-json\/wp\/v2\/comments?post=44"}],"version-history":[{"count":10,"href":"https:\/\/silt-benin.com\/livraison\/wp-json\/wp\/v2\/pages\/44\/revisions"}],"predecessor-version":[{"id":133,"href":"https:\/\/silt-benin.com\/livraison\/wp-json\/wp\/v2\/pages\/44\/revisions\/133"}],"wp:attachment":[{"href":"https:\/\/silt-benin.com\/livraison\/wp-json\/wp\/v2\/media?parent=44"}],"curies":[{"name":"wp","href":"https:\/\/api.w.org\/{rel}","templated":true}]}}